{"id":1967,"date":"2026-03-03T13:46:07","date_gmt":"2026-03-03T13:46:07","guid":{"rendered":"https:\/\/myroamupwpml.vida-marketing.es\/aide\/"},"modified":"2026-03-12T10:11:12","modified_gmt":"2026-03-12T10:11:12","slug":"aide","status":"publish","type":"page","link":"https:\/\/myroamupwpml.vida-marketing.es\/fr\/aide\/","title":{"rendered":"Aide"},"content":{"rendered":"\t\t<div data-elementor-type=\"wp-page\" data-elementor-id=\"1967\" class=\"elementor elementor-1967 elementor-1591\" data-elementor-post-type=\"page\">\n\t\t\t\t<div class=\"elementor-element elementor-element-2e03afa e-flex e-con-boxed e-con e-parent\" data-id=\"2e03afa\" data-element_type=\"container\" data-e-type=\"container\">\n\t\t\t\t\t<div class=\"e-con-inner\">\n\t\t<div class=\"elementor-element elementor-element-86d5a6a e-con-full e-flex e-con e-child\" data-id=\"86d5a6a\" data-element_type=\"container\" data-e-type=\"container\" data-settings=\"{&quot;background_background&quot;:&quot;classic&quot;}\">\n\t\t<div class=\"elementor-element elementor-element-5d04b2e e-con-full e-flex e-con e-child\" data-id=\"5d04b2e\" data-element_type=\"container\" data-e-type=\"container\">\n\t\t\t\t<div class=\"elementor-element elementor-element-339a7a8 elementor-widget elementor-widget-image\" data-id=\"339a7a8\" data-element_type=\"widget\" data-e-type=\"widget\" data-widget_type=\"image.default\">\n\t\t\t\t\t\t\t\t\t\t\t\t\t\t\t<img fetchpriority=\"high\" decoding=\"async\" width=\"800\" height=\"800\" src=\"https:\/\/myroamupwpml.vida-marketing.es\/wp-content\/uploads\/2026\/03\/ayuda-cabecera-1024x1024.webp\" class=\"attachment-large size-large wp-image-1966\" alt=\"\" srcset=\"https:\/\/myroamupwpml.vida-marketing.es\/wp-content\/uploads\/2026\/03\/ayuda-cabecera-1024x1024.webp 1024w, https:\/\/myroamupwpml.vida-marketing.es\/wp-content\/uploads\/2026\/03\/ayuda-cabecera-300x300.webp 300w, https:\/\/myroamupwpml.vida-marketing.es\/wp-content\/uploads\/2026\/03\/ayuda-cabecera-150x150.webp 150w, https:\/\/myroamupwpml.vida-marketing.es\/wp-content\/uploads\/2026\/03\/ayuda-cabecera-768x768.webp 768w, https:\/\/myroamupwpml.vida-marketing.es\/wp-content\/uploads\/2026\/03\/ayuda-cabecera-600x600.webp 600w, https:\/\/myroamupwpml.vida-marketing.es\/wp-content\/uploads\/2026\/03\/ayuda-cabecera-100x100.webp 100w, https:\/\/myroamupwpml.vida-marketing.es\/wp-content\/uploads\/2026\/03\/ayuda-cabecera.webp 1500w\" sizes=\"(max-width: 800px) 100vw, 800px\" \/>\t\t\t\t\t\t\t\t\t\t\t\t\t\t\t<\/div>\n\t\t\t\t<\/div>\n\t\t<div class=\"elementor-element elementor-element-46795c4 e-con-full e-flex e-con e-child\" data-id=\"46795c4\" data-element_type=\"container\" data-e-type=\"container\">\n\t\t\t\t<div class=\"elementor-element elementor-element-c21817d elementor-widget elementor-widget-heading\" data-id=\"c21817d\" data-element_type=\"widget\" data-e-type=\"widget\" data-widget_type=\"heading.default\">\n\t\t\t\t\t<h1 class=\"elementor-heading-title elementor-size-default\">Pouvons-nous vous aider ?<\/h1>\t\t\t\t<\/div>\n\t\t\t\t<div class=\"elementor-element elementor-element-cde7ebf elementor-widget elementor-widget-text-editor\" data-id=\"cde7ebf\" data-element_type=\"widget\" data-e-type=\"widget\" data-widget_type=\"text-editor.default\">\n\t\t\t\t\t\t\t\t\tO\u00f9 que vous soyez, vous pouvez compter sur nous.\t\t\t\t\t\t\t\t<\/div>\n\t\t<div class=\"elementor-element elementor-element-2812485 e-con-full e-flex e-con e-child\" data-id=\"2812485\" data-element_type=\"container\" data-e-type=\"container\">\n\t\t<div class=\"elementor-element elementor-element-4192bcf e-con-full e-flex e-con e-child\" data-id=\"4192bcf\" data-element_type=\"container\" data-e-type=\"container\">\n\t\t\t\t<div class=\"elementor-element elementor-element-89e4f39 elementor-view-stacked elementor-shape-circle elementor-widget elementor-widget-icon\" data-id=\"89e4f39\" data-element_type=\"widget\" data-e-type=\"widget\" data-widget_type=\"icon.default\">\n\t\t\t\t\t\t\t<div class=\"elementor-icon-wrapper\">\n\t\t\t<div class=\"elementor-icon\">\n\t\t\t<svg aria-hidden=\"true\" class=\"e-font-icon-svg e-fas-phone-alt\" viewBox=\"0 0 512 512\" xmlns=\"http:\/\/www.w3.org\/2000\/svg\"><path d=\"M497.39 361.8l-112-48a24 24 0 0 0-28 6.9l-49.6 60.6A370.66 370.66 0 0 1 130.6 204.11l60.6-49.6a23.94 23.94 0 0 0 6.9-28l-48-112A24.16 24.16 0 0 0 122.6.61l-104 24A24 24 0 0 0 0 48c0 256.5 207.9 464 464 464a24 24 0 0 0 23.4-18.6l24-104a24.29 24.29 0 0 0-14.01-27.6z\"><\/path><\/svg>\t\t\t<\/div>\n\t\t<\/div>\n\t\t\t\t\t\t<\/div>\n\t\t\t\t<div class=\"elementor-element elementor-element-49222cd elementor-widget elementor-widget-heading\" data-id=\"49222cd\" data-element_type=\"widget\" data-e-type=\"widget\" data-widget_type=\"heading.default\">\n\t\t\t\t\t<h2 class=\"elementor-heading-title elementor-size-default\">+34 900 000 000<\/h2>\t\t\t\t<\/div>\n\t\t\t\t<\/div>\n\t\t<div class=\"elementor-element elementor-element-4cd135b e-con-full e-flex e-con e-child\" data-id=\"4cd135b\" data-element_type=\"container\" data-e-type=\"container\">\n\t\t\t\t<div class=\"elementor-element elementor-element-d158324 elementor-view-stacked elementor-shape-circle elementor-widget elementor-widget-icon\" data-id=\"d158324\" data-element_type=\"widget\" data-e-type=\"widget\" data-widget_type=\"icon.default\">\n\t\t\t\t\t\t\t<div class=\"elementor-icon-wrapper\">\n\t\t\t<div class=\"elementor-icon\">\n\t\t\t<svg aria-hidden=\"true\" class=\"e-font-icon-svg e-fab-whatsapp\" viewBox=\"0 0 448 512\" xmlns=\"http:\/\/www.w3.org\/2000\/svg\"><path d=\"M380.9 97.1C339 55.1 283.2 32 223.9 32c-122.4 0-222 99.6-222 222 0 39.1 10.2 77.3 29.6 111L0 480l117.7-30.9c32.4 17.7 68.9 27 106.1 27h.1c122.3 0 224.1-99.6 224.1-222 0-59.3-25.2-115-67.1-157zm-157 341.6c-33.2 0-65.7-8.9-94-25.7l-6.7-4-69.8 18.3L72 359.2l-4.4-7c-18.5-29.4-28.2-63.3-28.2-98.2 0-101.7 82.8-184.5 184.6-184.5 49.3 0 95.6 19.2 130.4 54.1 34.8 34.9 56.2 81.2 56.1 130.5 0 101.8-84.9 184.6-186.6 184.6zm101.2-138.2c-5.5-2.8-32.8-16.2-37.9-18-5.1-1.9-8.8-2.8-12.5 2.8-3.7 5.6-14.3 18-17.6 21.8-3.2 3.7-6.5 4.2-12 1.4-32.6-16.3-54-29.1-75.5-66-5.7-9.8 5.7-9.1 16.3-30.3 1.8-3.7.9-6.9-.5-9.7-1.4-2.8-12.5-30.1-17.1-41.2-4.5-10.8-9.1-9.3-12.5-9.5-3.2-.2-6.9-.2-10.6-.2-3.7 0-9.7 1.4-14.8 6.9-5.1 5.6-19.4 19-19.4 46.3 0 27.3 19.9 53.7 22.6 57.4 2.8 3.7 39.1 59.7 94.8 83.8 35.2 15.2 49 16.5 66.6 13.9 10.7-1.6 32.8-13.4 37.4-26.4 4.6-13 4.6-24.1 3.2-26.4-1.3-2.5-5-3.9-10.5-6.6z\"><\/path><\/svg>\t\t\t<\/div>\n\t\t<\/div>\n\t\t\t\t\t\t<\/div>\n\t\t\t\t<div class=\"elementor-element elementor-element-d54b497 elementor-widget elementor-widget-heading\" data-id=\"d54b497\" data-element_type=\"widget\" data-e-type=\"widget\" data-widget_type=\"heading.default\">\n\t\t\t\t\t<h2 class=\"elementor-heading-title elementor-size-default\">\u00c9crivez-nous<\/h2>\t\t\t\t<\/div>\n\t\t\t\t<\/div>\n\t\t<div class=\"elementor-element elementor-element-a068d3f e-con-full e-flex e-con e-child\" data-id=\"a068d3f\" data-element_type=\"container\" data-e-type=\"container\">\n\t\t\t\t<div class=\"elementor-element elementor-element-8feca01 elementor-view-stacked elementor-shape-circle elementor-widget elementor-widget-icon\" data-id=\"8feca01\" data-element_type=\"widget\" data-e-type=\"widget\" data-widget_type=\"icon.default\">\n\t\t\t\t\t\t\t<div class=\"elementor-icon-wrapper\">\n\t\t\t<div class=\"elementor-icon\">\n\t\t\t<svg aria-hidden=\"true\" class=\"e-font-icon-svg e-fas-comment\" viewBox=\"0 0 512 512\" xmlns=\"http:\/\/www.w3.org\/2000\/svg\"><path d=\"M256 32C114.6 32 0 125.1 0 240c0 49.6 21.4 95 57 130.7C44.5 421.1 2.7 466 2.2 466.5c-2.2 2.3-2.8 5.7-1.5 8.7S4.8 480 8 480c66.3 0 116-31.8 140.6-51.4 32.7 12.3 69 19.4 107.4 19.4 141.4 0 256-93.1 256-208S397.4 32 256 32z\"><\/path><\/svg>\t\t\t<\/div>\n\t\t<\/div>\n\t\t\t\t\t\t<\/div>\n\t\t\t\t<div class=\"elementor-element elementor-element-1bb6568 elementor-widget elementor-widget-heading\" data-id=\"1bb6568\" data-element_type=\"widget\" data-e-type=\"widget\" data-widget_type=\"heading.default\">\n\t\t\t\t\t<h2 class=\"elementor-heading-title elementor-size-default\">D\u00e9marrer le chat<\/h2>\t\t\t\t<\/div>\n\t\t\t\t<\/div>\n\t\t\t\t<\/div>\n\t\t\t\t<\/div>\n\t\t\t\t<\/div>\n\t\t\t\t\t<\/div>\n\t\t\t\t<\/div>\n\t\t<div class=\"elementor-element elementor-element-bc5d712 e-flex e-con-boxed e-con e-parent\" data-id=\"bc5d712\" data-element_type=\"container\" data-e-type=\"container\">\n\t\t\t\t\t<div class=\"e-con-inner\">\n\t\t\t\t<div class=\"elementor-element elementor-element-b2fdaca elementor-widget elementor-widget-heading\" data-id=\"b2fdaca\" data-element_type=\"widget\" data-e-type=\"widget\" data-widget_type=\"heading.default\">\n\t\t\t\t\t<h3 class=\"elementor-heading-title elementor-size-default\">Contactez-nous<\/h3>\t\t\t\t<\/div>\n\t\t\t\t<div class=\"elementor-element elementor-element-b71596f elementor-widget elementor-widget-text-editor\" data-id=\"b71596f\" data-element_type=\"widget\" data-e-type=\"widget\" data-widget_type=\"text-editor.default\">\n\t\t\t\t\t\t\t\t\tOu, si vous pr\u00e9f\u00e9rez, \u00e9crivez-nous. Nous vous contacterons dans les plus brefs d\u00e9lais.\t\t\t\t\t\t\t\t<\/div>\n\t\t\t\t<div class=\"elementor-element elementor-element-1561227 elementor-icon-list--layout-traditional elementor-list-item-link-full_width elementor-widget elementor-widget-icon-list\" data-id=\"1561227\" data-element_type=\"widget\" data-e-type=\"widget\" data-widget_type=\"icon-list.default\">\n\t\t\t\t\t\t\t<ul class=\"elementor-icon-list-items\">\n\t\t\t\t\t\t\t<li class=\"elementor-icon-list-item\">\n\t\t\t\t\t\t\t\t\t\t\t<span class=\"elementor-icon-list-icon\">\n\t\t\t\t\t\t\t<svg aria-hidden=\"true\" class=\"e-font-icon-svg e-fas-envelope\" viewBox=\"0 0 512 512\" xmlns=\"http:\/\/www.w3.org\/2000\/svg\"><path d=\"M502.3 190.8c3.9-3.1 9.7-.2 9.7 4.7V400c0 26.5-21.5 48-48 48H48c-26.5 0-48-21.5-48-48V195.6c0-5 5.7-7.8 9.7-4.7 22.4 17.4 52.1 39.5 154.1 113.6 21.1 15.4 56.7 47.8 92.2 47.6 35.7.3 72-32.8 92.3-47.6 102-74.1 131.6-96.3 154-113.7zM256 320c23.2.4 56.6-29.2 73.4-41.4 132.7-96.3 142.8-104.7 173.4-128.7 5.8-4.5 9.2-11.5 9.2-18.9v-19c0-26.5-21.5-48-48-48H48C21.5 64 0 85.5 0 112v19c0 7.4 3.4 14.3 9.2 18.9 30.6 23.9 40.7 32.4 173.4 128.7 16.8 12.2 50.2 41.8 73.4 41.4z\"><\/path><\/svg>\t\t\t\t\t\t<\/span>\n\t\t\t\t\t\t\t\t\t\t<span class=\"elementor-icon-list-text\">hello@myroamupwpml.vida-marketing.es<\/span>\n\t\t\t\t\t\t\t\t\t<\/li>\n\t\t\t\t\t\t<\/ul>\n\t\t\t\t\t\t<\/div>\n\t\t\t\t<div class=\"elementor-element elementor-element-125aa8f elementor-button-align-center elementor-widget__width-initial elementor-widget elementor-widget-form\" data-id=\"125aa8f\" data-element_type=\"widget\" data-e-type=\"widget\" data-settings=\"{&quot;step_next_label&quot;:&quot;Suivant&quot;,&quot;step_previous_label&quot;:&quot;Pr\\u00e9c\\u00e9dent&quot;,&quot;button_width&quot;:&quot;100&quot;,&quot;step_type&quot;:&quot;number_text&quot;,&quot;step_icon_shape&quot;:&quot;circle&quot;}\" data-widget_type=\"form.default\">\n\t\t\t\t\t\t\t<form class=\"elementor-form\" method=\"post\" name=\"Nouveau formulaire\" aria-label=\"Nouveau formulaire\">\r\n\t\t\t<input type=\"hidden\" name=\"post_id\" value=\"1967\"\/>\r\n\t\t\t<input type=\"hidden\" name=\"form_id\" value=\"125aa8f\"\/>\r\n\t\t\t<input type=\"hidden\" name=\"referer_title\" value=\"Aide - myroamup.vida-marketing.es\" \/>\r\n\r\n\t\t\t\t\t\t\t<input type=\"hidden\" name=\"queried_id\" value=\"1967\"\/>\r\n\t\t\t\r\n\t\t\t<div class=\"elementor-form-fields-wrapper elementor-labels-\">\r\n\t\t\t\t\t\t\t\t<div class=\"elementor-field-type-text elementor-field-group elementor-column elementor-field-group-name elementor-col-100 elementor-field-required\">\r\n\t\t\t\t\t\t\t\t\t\t\t\t<label for=\"form-field-name\" class=\"elementor-field-label elementor-screen-only\">\r\n\t\t\t\t\t\t\t\tNom\t\t\t\t\t\t\t<\/label>\r\n\t\t\t\t\t\t\t\t\t\t\t\t\t\t<input size=\"1\" type=\"text\" name=\"form_fields[name]\" id=\"form-field-name\" class=\"elementor-field elementor-size-lg  elementor-field-textual\" placeholder=\"Nom\" required=\"required\">\r\n\t\t\t\t\t\t\t\t\t\t\t<\/div>\r\n\t\t\t\t\t\t\t\t<div class=\"elementor-field-type-email elementor-field-group elementor-column elementor-field-group-email elementor-col-100 elementor-field-required\">\r\n\t\t\t\t\t\t\t\t\t\t\t\t<label for=\"form-field-email\" class=\"elementor-field-label elementor-screen-only\">\r\n\t\t\t\t\t\t\t\tAdresse e-mail\t\t\t\t\t\t\t<\/label>\r\n\t\t\t\t\t\t\t\t\t\t\t\t\t\t<input size=\"1\" type=\"email\" name=\"form_fields[email]\" id=\"form-field-email\" class=\"elementor-field elementor-size-lg  elementor-field-textual\" placeholder=\"Adresse e-mail\" required=\"required\">\r\n\t\t\t\t\t\t\t\t\t\t\t<\/div>\r\n\t\t\t\t\t\t\t\t<div class=\"elementor-field-type-tel elementor-field-group elementor-column elementor-field-group-field_531f7da elementor-col-100\">\r\n\t\t\t\t\t\t\t\t\t\t\t\t<label for=\"form-field-field_531f7da\" class=\"elementor-field-label elementor-screen-only\">\r\n\t\t\t\t\t\t\t\tT\u00e9l\u00e9phone\t\t\t\t\t\t\t<\/label>\r\n\t\t\t\t\t\t\t\t<input size=\"1\" type=\"tel\" name=\"form_fields[field_531f7da]\" id=\"form-field-field_531f7da\" class=\"elementor-field elementor-size-lg  elementor-field-textual\" placeholder=\"T\u00e9l\u00e9phone\" pattern=\"[0-9()#&amp;+*-=.]+\" title=\"Only numbers and phone characters (#, -, *, etc) are accepted.\">\r\n\r\n\t\t\t\t\t\t<\/div>\r\n\t\t\t\t\t\t\t\t<div class=\"elementor-field-type-textarea elementor-field-group elementor-column elementor-field-group-message elementor-col-100 elementor-field-required\">\r\n\t\t\t\t\t\t\t\t\t\t\t\t<label for=\"form-field-message\" class=\"elementor-field-label elementor-screen-only\">\r\n\t\t\t\t\t\t\t\tComment pouvons-nous vous aider ?\t\t\t\t\t\t\t<\/label>\r\n\t\t\t\t\t\t<textarea class=\"elementor-field-textual elementor-field  elementor-size-lg\" name=\"form_fields[message]\" id=\"form-field-message\" rows=\"4\" placeholder=\"Comment pouvons-nous vous aider ?\" required=\"required\"><\/textarea>\t\t\t\t<\/div>\r\n\t\t\t\t\t\t\t\t<div class=\"elementor-field-type-acceptance elementor-field-group elementor-column elementor-field-group-field_6196dac elementor-col-100 elementor-field-required\">\r\n\t\t\t\t\t\t\t\t\t\t\t\t<label for=\"form-field-field_6196dac\" class=\"elementor-field-label elementor-screen-only\">\r\n\t\t\t\t\t\t\t\tPolitique\t\t\t\t\t\t\t<\/label>\r\n\t\t\t\t\t\t\t\t<div class=\"elementor-field-subgroup\">\r\n\t\t\t<span class=\"elementor-field-option\">\r\n\t\t\t\t<input type=\"checkbox\" name=\"form_fields[field_6196dac]\" id=\"form-field-field_6196dac\" class=\"elementor-field elementor-size-lg  elementor-acceptance-field\" required=\"required\">\r\n\t\t\t\t<label for=\"form-field-field_6196dac\">J\u2019accepte la <a href=\"https:\/\/myroamupwpml.vida-marketing.es\/politica-privacidad\/\">politique de confidentialit\u00e9.<\/a><\/label>\t\t\t<\/span>\r\n\t\t<\/div>\r\n\t\t\t\t\t\t<\/div>\r\n\t\t\t\t\t\t\t\t<div class=\"elementor-field-group elementor-column elementor-field-type-submit elementor-col-100 e-form__buttons\">\r\n\t\t\t\t\t<button class=\"elementor-button elementor-size-lg\" type=\"submit\">\r\n\t\t\t\t\t\t<span class=\"elementor-button-content-wrapper\">\r\n\t\t\t\t\t\t\t\t\t\t\t\t\t\t\t\t\t\t\t\t\t\t<span class=\"elementor-button-text\">Contacter<\/span>\r\n\t\t\t\t\t\t\t\t\t\t\t\t\t<\/span>\r\n\t\t\t\t\t<\/button>\r\n\t\t\t\t<\/div>\r\n\t\t\t<\/div>\r\n\t\t<\/form>\r\n\t\t\t\t\t\t<\/div>\n\t\t\t\t\t<\/div>\n\t\t\t\t<\/div>\n\t\t\t\t<\/div>\n\t\t","protected":false},"excerpt":{"rendered":"<p>Pouvons-nous vous aider ? O\u00f9 que vous soyez, vous pouvez compter sur nous. +34 900 000 000 \u00c9crivez-nous D\u00e9marrer le chat Contactez-nous Ou, si vous pr\u00e9f\u00e9rez, \u00e9crivez-nous. Nous vous contacterons dans les plus brefs d\u00e9lais. hello@myroamupwpml.vida-marketing.es<\/p>\n","protected":false},"author":1,"featured_media":0,"parent":0,"menu_order":0,"comment_status":"closed","ping_status":"closed","template":"","meta":{"_acf_changed":false,"footnotes":""},"class_list":["post-1967","page","type-page","status-publish","hentry"],"acf":[],"yoast_head":"<!-- This site is optimized with the Yoast SEO plugin v27.1.1 - https:\/\/yoast.com\/product\/yoast-seo-wordpress\/ -->\n<title>Aide - myroamup.vida-marketing.es<\/title>\n<meta name=\"description\" content=\"Siempre Conectado gracias a nuestra eSIM internacional. Viaja sin problemas y sin l\u00edmites. Busca tu destino y tu eSIM.\" \/>\n<meta name=\"robots\" content=\"noindex, follow, max-snippet:-1, max-image-preview:large, max-video-preview:-1\" \/>\n<meta property=\"og:locale\" content=\"fr_FR\" \/>\n<meta property=\"og:type\" content=\"article\" \/>\n<meta property=\"og:title\" content=\"Aide - myroamup.vida-marketing.es\" \/>\n<meta property=\"og:description\" content=\"Siempre Conectado gracias a nuestra eSIM internacional. Viaja sin problemas y sin l\u00edmites. Busca tu destino y tu eSIM.\" \/>\n<meta property=\"og:url\" content=\"https:\/\/myroamupwpml.vida-marketing.es\/fr\/aide\/\" \/>\n<meta property=\"og:site_name\" content=\"myroamup.vida-marketing.es\" \/>\n<meta property=\"article:modified_time\" content=\"2026-03-12T10:11:12+00:00\" \/>\n<meta property=\"og:image\" content=\"https:\/\/myroamupwpml.vida-marketing.es\/wp-content\/uploads\/2026\/03\/ayuda-cabecera.webp\" \/>\n\t<meta property=\"og:image:width\" content=\"1500\" \/>\n\t<meta property=\"og:image:height\" content=\"1500\" \/>\n\t<meta property=\"og:image:type\" content=\"image\/webp\" \/>\n<meta name=\"twitter:card\" content=\"summary_large_image\" \/>\n<script type=\"application\/ld+json\" class=\"yoast-schema-graph\">{\"@context\":\"https:\/\/schema.org\",\"@graph\":[{\"@type\":\"WebPage\",\"@id\":\"https:\/\/myroamupwpml.vida-marketing.es\/fr\/aide\/\",\"url\":\"https:\/\/myroamupwpml.vida-marketing.es\/fr\/aide\/\",\"name\":\"Aide - myroamup.vida-marketing.es\",\"isPartOf\":{\"@id\":\"https:\/\/myroamupwpml.vida-marketing.es\/fr\/#website\"},\"primaryImageOfPage\":{\"@id\":\"https:\/\/myroamupwpml.vida-marketing.es\/fr\/aide\/#primaryimage\"},\"image\":{\"@id\":\"https:\/\/myroamupwpml.vida-marketing.es\/fr\/aide\/#primaryimage\"},\"thumbnailUrl\":\"https:\/\/myroamupwpml.vida-marketing.es\/wp-content\/uploads\/2026\/03\/ayuda-cabecera-1024x1024.webp\",\"datePublished\":\"2026-03-03T13:46:07+00:00\",\"dateModified\":\"2026-03-12T10:11:12+00:00\",\"description\":\"Siempre Conectado gracias a nuestra eSIM internacional. Viaja sin problemas y sin l\u00edmites. Busca tu destino y tu eSIM.\",\"breadcrumb\":{\"@id\":\"https:\/\/myroamupwpml.vida-marketing.es\/fr\/aide\/#breadcrumb\"},\"inLanguage\":\"fr-FR\",\"potentialAction\":[{\"@type\":\"ReadAction\",\"target\":[\"https:\/\/myroamupwpml.vida-marketing.es\/fr\/aide\/\"]}]},{\"@type\":\"ImageObject\",\"inLanguage\":\"fr-FR\",\"@id\":\"https:\/\/myroamupwpml.vida-marketing.es\/fr\/aide\/#primaryimage\",\"url\":\"https:\/\/myroamupwpml.vida-marketing.es\/wp-content\/uploads\/2026\/03\/ayuda-cabecera-1024x1024.webp\",\"contentUrl\":\"https:\/\/myroamupwpml.vida-marketing.es\/wp-content\/uploads\/2026\/03\/ayuda-cabecera-1024x1024.webp\"},{\"@type\":\"BreadcrumbList\",\"@id\":\"https:\/\/myroamupwpml.vida-marketing.es\/fr\/aide\/#breadcrumb\",\"itemListElement\":[{\"@type\":\"ListItem\",\"position\":1,\"name\":\"Portada\",\"item\":\"https:\/\/myroamupwpml.vida-marketing.es\/fr\/accueil\/\"},{\"@type\":\"ListItem\",\"position\":2,\"name\":\"Aide\"}]},{\"@type\":\"WebSite\",\"@id\":\"https:\/\/myroamupwpml.vida-marketing.es\/fr\/#website\",\"url\":\"https:\/\/myroamupwpml.vida-marketing.es\/fr\/\",\"name\":\"myroamup - el compa\u00f1ero de viaje perfecto\",\"description\":\"\",\"publisher\":{\"@id\":\"https:\/\/myroamupwpml.vida-marketing.es\/fr\/#organization\"},\"alternateName\":\"eSIM internacional | Siempre Conectado\",\"potentialAction\":[{\"@type\":\"SearchAction\",\"target\":{\"@type\":\"EntryPoint\",\"urlTemplate\":\"https:\/\/myroamupwpml.vida-marketing.es\/fr\/?s={search_term_string}\"},\"query-input\":{\"@type\":\"PropertyValueSpecification\",\"valueRequired\":true,\"valueName\":\"search_term_string\"}}],\"inLanguage\":\"fr-FR\"},{\"@type\":\"Organization\",\"@id\":\"https:\/\/myroamupwpml.vida-marketing.es\/fr\/#organization\",\"name\":\"myroamup\",\"url\":\"https:\/\/myroamupwpml.vida-marketing.es\/fr\/\",\"logo\":{\"@type\":\"ImageObject\",\"inLanguage\":\"fr-FR\",\"@id\":\"https:\/\/myroamupwpml.vida-marketing.es\/fr\/#\/schema\/logo\/image\/\",\"url\":\"https:\/\/myroamupwpml.vida-marketing.es\/wp-content\/uploads\/2026\/01\/simbolo2.svg\",\"contentUrl\":\"https:\/\/myroamupwpml.vida-marketing.es\/wp-content\/uploads\/2026\/01\/simbolo2.svg\",\"width\":1041,\"height\":810,\"caption\":\"myroamup\"},\"image\":{\"@id\":\"https:\/\/myroamupwpml.vida-marketing.es\/fr\/#\/schema\/logo\/image\/\"}}]}<\/script>\n<!-- \/ Yoast SEO plugin. -->","yoast_head_json":{"title":"Aide - myroamup.vida-marketing.es","description":"Siempre Conectado gracias a nuestra eSIM internacional. Viaja sin problemas y sin l\u00edmites. Busca tu destino y tu eSIM.","robots":{"index":"noindex","follow":"follow","max-snippet":"max-snippet:-1","max-image-preview":"max-image-preview:large","max-video-preview":"max-video-preview:-1"},"og_locale":"fr_FR","og_type":"article","og_title":"Aide - myroamup.vida-marketing.es","og_description":"Siempre Conectado gracias a nuestra eSIM internacional. Viaja sin problemas y sin l\u00edmites. Busca tu destino y tu eSIM.","og_url":"https:\/\/myroamupwpml.vida-marketing.es\/fr\/aide\/","og_site_name":"myroamup.vida-marketing.es","article_modified_time":"2026-03-12T10:11:12+00:00","og_image":[{"width":1500,"height":1500,"url":"https:\/\/myroamupwpml.vida-marketing.es\/wp-content\/uploads\/2026\/03\/ayuda-cabecera.webp","type":"image\/webp"}],"twitter_card":"summary_large_image","schema":{"@context":"https:\/\/schema.org","@graph":[{"@type":"WebPage","@id":"https:\/\/myroamupwpml.vida-marketing.es\/fr\/aide\/","url":"https:\/\/myroamupwpml.vida-marketing.es\/fr\/aide\/","name":"Aide - myroamup.vida-marketing.es","isPartOf":{"@id":"https:\/\/myroamupwpml.vida-marketing.es\/fr\/#website"},"primaryImageOfPage":{"@id":"https:\/\/myroamupwpml.vida-marketing.es\/fr\/aide\/#primaryimage"},"image":{"@id":"https:\/\/myroamupwpml.vida-marketing.es\/fr\/aide\/#primaryimage"},"thumbnailUrl":"https:\/\/myroamupwpml.vida-marketing.es\/wp-content\/uploads\/2026\/03\/ayuda-cabecera-1024x1024.webp","datePublished":"2026-03-03T13:46:07+00:00","dateModified":"2026-03-12T10:11:12+00:00","description":"Siempre Conectado gracias a nuestra eSIM internacional. Viaja sin problemas y sin l\u00edmites. Busca tu destino y tu eSIM.","breadcrumb":{"@id":"https:\/\/myroamupwpml.vida-marketing.es\/fr\/aide\/#breadcrumb"},"inLanguage":"fr-FR","potentialAction":[{"@type":"ReadAction","target":["https:\/\/myroamupwpml.vida-marketing.es\/fr\/aide\/"]}]},{"@type":"ImageObject","inLanguage":"fr-FR","@id":"https:\/\/myroamupwpml.vida-marketing.es\/fr\/aide\/#primaryimage","url":"https:\/\/myroamupwpml.vida-marketing.es\/wp-content\/uploads\/2026\/03\/ayuda-cabecera-1024x1024.webp","contentUrl":"https:\/\/myroamupwpml.vida-marketing.es\/wp-content\/uploads\/2026\/03\/ayuda-cabecera-1024x1024.webp"},{"@type":"BreadcrumbList","@id":"https:\/\/myroamupwpml.vida-marketing.es\/fr\/aide\/#breadcrumb","itemListElement":[{"@type":"ListItem","position":1,"name":"Portada","item":"https:\/\/myroamupwpml.vida-marketing.es\/fr\/accueil\/"},{"@type":"ListItem","position":2,"name":"Aide"}]},{"@type":"WebSite","@id":"https:\/\/myroamupwpml.vida-marketing.es\/fr\/#website","url":"https:\/\/myroamupwpml.vida-marketing.es\/fr\/","name":"myroamup - el compa\u00f1ero de viaje perfecto","description":"","publisher":{"@id":"https:\/\/myroamupwpml.vida-marketing.es\/fr\/#organization"},"alternateName":"eSIM internacional | Siempre Conectado","potentialAction":[{"@type":"SearchAction","target":{"@type":"EntryPoint","urlTemplate":"https:\/\/myroamupwpml.vida-marketing.es\/fr\/?s={search_term_string}"},"query-input":{"@type":"PropertyValueSpecification","valueRequired":true,"valueName":"search_term_string"}}],"inLanguage":"fr-FR"},{"@type":"Organization","@id":"https:\/\/myroamupwpml.vida-marketing.es\/fr\/#organization","name":"myroamup","url":"https:\/\/myroamupwpml.vida-marketing.es\/fr\/","logo":{"@type":"ImageObject","inLanguage":"fr-FR","@id":"https:\/\/myroamupwpml.vida-marketing.es\/fr\/#\/schema\/logo\/image\/","url":"https:\/\/myroamupwpml.vida-marketing.es\/wp-content\/uploads\/2026\/01\/simbolo2.svg","contentUrl":"https:\/\/myroamupwpml.vida-marketing.es\/wp-content\/uploads\/2026\/01\/simbolo2.svg","width":1041,"height":810,"caption":"myroamup"},"image":{"@id":"https:\/\/myroamupwpml.vida-marketing.es\/fr\/#\/schema\/logo\/image\/"}}]}},"_links":{"self":[{"href":"https:\/\/myroamupwpml.vida-marketing.es\/fr\/wp-json\/wp\/v2\/pages\/1967","targetHints":{"allow":["GET"]}}],"collection":[{"href":"https:\/\/myroamupwpml.vida-marketing.es\/fr\/wp-json\/wp\/v2\/pages"}],"about":[{"href":"https:\/\/myroamupwpml.vida-marketing.es\/fr\/wp-json\/wp\/v2\/types\/page"}],"author":[{"embeddable":true,"href":"https:\/\/myroamupwpml.vida-marketing.es\/fr\/wp-json\/wp\/v2\/users\/1"}],"replies":[{"embeddable":true,"href":"https:\/\/myroamupwpml.vida-marketing.es\/fr\/wp-json\/wp\/v2\/comments?post=1967"}],"version-history":[{"count":0,"href":"https:\/\/myroamupwpml.vida-marketing.es\/fr\/wp-json\/wp\/v2\/pages\/1967\/revisions"}],"wp:attachment":[{"href":"https:\/\/myroamupwpml.vida-marketing.es\/fr\/wp-json\/wp\/v2\/media?parent=1967"}],"curies":[{"name":"wp","href":"https:\/\/api.w.org\/{rel}","templated":true}]}}